{"id":19,"date":"2014-03-17T18:16:08","date_gmt":"2014-03-17T18:16:08","guid":{"rendered":"http:\/\/demo.themegrill.com\/spacious\/?page_id=19"},"modified":"2021-09-15T11:25:30","modified_gmt":"2021-09-15T09:25:30","slug":"awesome-support","status":"publish","type":"page","link":"http:\/\/maler-wacker.de\/?page_id=19","title":{"rendered":"Laminat &#038; Teppich"},"content":{"rendered":"<h2><img decoding=\"async\" loading=\"lazy\" class=\"alignnone  wp-image-585\" src=\"http:\/\/maler-wacker.de\/wp-content\/uploads\/2020\/11\/AR-3-300x200.jpg\" alt=\"\" width=\"337\" height=\"224\" srcset=\"http:\/\/maler-wacker.de\/wp-content\/uploads\/2020\/11\/AR-3-300x200.jpg 300w, http:\/\/maler-wacker.de\/wp-content\/uploads\/2020\/11\/AR-3.jpg 640w\" sizes=\"(max-width: 337px) 100vw, 337px\" \/> <img decoding=\"async\" loading=\"lazy\" class=\"alignnone  wp-image-587\" src=\"http:\/\/maler-wacker.de\/wp-content\/uploads\/2020\/11\/AR-6-300x169.jpg\" alt=\"\" width=\"399\" height=\"225\" srcset=\"http:\/\/maler-wacker.de\/wp-content\/uploads\/2020\/11\/AR-6-300x169.jpg 300w, http:\/\/maler-wacker.de\/wp-content\/uploads\/2020\/11\/AR-6.jpg 750w\" sizes=\"(max-width: 399px) 100vw, 399px\" \/>&nbsp;<img decoding=\"async\" loading=\"lazy\" class=\"alignnone size-medium wp-image-586\" src=\"http:\/\/maler-wacker.de\/wp-content\/uploads\/2020\/11\/AR-2-300x225.jpg\" alt=\"\" width=\"300\" height=\"225\" srcset=\"http:\/\/maler-wacker.de\/wp-content\/uploads\/2020\/11\/AR-2-300x225.jpg 300w, http:\/\/maler-wacker.de\/wp-content\/uploads\/2020\/11\/AR-2.jpg 490w\" sizes=\"(max-width: 300px) 100vw, 300px\" \/><\/h2>\n<h2>Waschbare Teppichb\u00f6den!<\/h2>\n<p>Hohe Messstabilit\u00e4t, extreme Verschlei\u00dffestigkeit, feste Schnittkanten, Wasserundurchl\u00e4ssig, leichte Baustellenreinigung, umweltfreundliche Reinigung mit Wasser und B\u00fcrste, nach DIN &#8211; Norm EMPA gepr\u00fcft, ohne Schadstoffe, Brandklasse B1 &#8211; Qualmklasse Q1, geeignet f\u00fcr stark beanspruchte und Schmutz belastete Bereiche, antistatisch und desinfektionsf\u00e4hig.<\/p>\n<h3>Einsatzbereiche<\/h3>\n<ul>\n<li>Gesamter Wohn- und Objektbereich<\/li>\n<li>Treppen- und Stuhlrollenbereiche<\/li>\n<li>Gesamter Verwaltungsbereich<\/li>\n<li>Banken und Schulen<\/li>\n<li>Ladengesch\u00e4fte<\/li>\n<li>Restaurants<\/li>\n<li>Alten- und Pflegeheime, etc.<\/li>\n<\/ul>\n","protected":false},"excerpt":{"rendered":"<p>Wir machen aus jedem Wohnraum ein Zuhause zum Wohlf\u00fchlen.<\/p>\n","protected":false},"author":1,"featured_media":492,"parent":0,"menu_order":0,"comment_status":"closed","ping_status":"open","template":"","meta":{"footnotes":""},"_links":{"self":[{"href":"http:\/\/maler-wacker.de\/index.php?rest_route=\/wp\/v2\/pages\/19"}],"collection":[{"href":"http:\/\/maler-wacker.de\/index.php?rest_route=\/wp\/v2\/pages"}],"about":[{"href":"http:\/\/maler-wacker.de\/index.php?rest_route=\/wp\/v2\/types\/page"}],"author":[{"embeddable":true,"href":"http:\/\/maler-wacker.de\/index.php?rest_route=\/wp\/v2\/users\/1"}],"replies":[{"embeddable":true,"href":"http:\/\/maler-wacker.de\/index.php?rest_route=%2Fwp%2Fv2%2Fcomments&post=19"}],"version-history":[{"count":9,"href":"http:\/\/maler-wacker.de\/index.php?rest_route=\/wp\/v2\/pages\/19\/revisions"}],"predecessor-version":[{"id":641,"href":"http:\/\/maler-wacker.de\/index.php?rest_route=\/wp\/v2\/pages\/19\/revisions\/641"}],"wp:featuredmedia":[{"embeddable":true,"href":"http:\/\/maler-wacker.de\/index.php?rest_route=\/wp\/v2\/media\/492"}],"wp:attachment":[{"href":"http:\/\/maler-wacker.de\/index.php?rest_route=%2Fwp%2Fv2%2Fmedia&parent=19"}],"curies":[{"name":"wp","href":"https:\/\/api.w.org\/{rel}","templated":true}]}}