{"id":2,"date":"2020-10-27T19:48:39","date_gmt":"2020-10-27T18:48:39","guid":{"rendered":"https:\/\/marcelhoell.de\/?page_id=2"},"modified":"2021-09-15T11:22:49","modified_gmt":"2021-09-15T09:22:49","slug":"beispiel-seite","status":"publish","type":"page","link":"http:\/\/maler-wacker.de\/?page_id=2","title":{"rendered":"Referenzen"},"content":{"rendered":"<p><img decoding=\"async\" loading=\"lazy\" class=\"alignnone  wp-image-603\" src=\"http:\/\/maler-wacker.de\/wp-content\/uploads\/2020\/11\/Innenraum-5-300x212.jpg\" alt=\"\" width=\"319\" height=\"225\" srcset=\"http:\/\/maler-wacker.de\/wp-content\/uploads\/2020\/11\/Innenraum-5-300x212.jpg 300w, http:\/\/maler-wacker.de\/wp-content\/uploads\/2020\/11\/Innenraum-5-1024x724.jpg 1024w, http:\/\/maler-wacker.de\/wp-content\/uploads\/2020\/11\/Innenraum-5-768x543.jpg 768w, http:\/\/maler-wacker.de\/wp-content\/uploads\/2020\/11\/Innenraum-5-1536x1086.jpg 1536w, http:\/\/maler-wacker.de\/wp-content\/uploads\/2020\/11\/Innenraum-5.jpg 1754w\" sizes=\"(max-width: 319px) 100vw, 319px\" \/> <img decoding=\"async\" loading=\"lazy\" class=\"alignnone size-medium wp-image-604\" src=\"http:\/\/maler-wacker.de\/wp-content\/uploads\/2020\/11\/Moderne-300x225.jpg\" alt=\"\" width=\"300\" height=\"225\" srcset=\"http:\/\/maler-wacker.de\/wp-content\/uploads\/2020\/11\/Moderne-300x225.jpg 300w, http:\/\/maler-wacker.de\/wp-content\/uploads\/2020\/11\/Moderne.jpg 471w\" sizes=\"(max-width: 300px) 100vw, 300px\" \/> <img decoding=\"async\" loading=\"lazy\" class=\"alignnone  wp-image-602\" src=\"http:\/\/maler-wacker.de\/wp-content\/uploads\/2020\/11\/AR-1.jpg\" alt=\"\" width=\"338\" height=\"225\" \/><\/p>\n<h1>Wir beherrschen unser Handwerk!<\/h1>\n<p>Bei zahlreichen Projekten konnten wir unsere Kunden immer zufriedenstellen. Hier ein Auszug unserer bisherigen Arbeiten:<\/p>\n<ul>\n<li style=\"list-style-type: none;\">\n<ul>\n<li><strong>Kreiskrankenhaus Neuenb\u00fcrg<\/strong> &#8211;\u00a0Gyn\u00e4kologische Praxis<\/li>\n<\/ul>\n<\/li>\n<\/ul>\n<ul>\n<li style=\"list-style-type: none;\">\n<ul>\n<li><strong>JVA Pforzheim<\/strong> &#8211;\u00a0Sanierung K\u00fcche und Sozialbereich<\/li>\n<\/ul>\n<\/li>\n<\/ul>\n<ul>\n<li style=\"list-style-type: none;\">\n<ul>\n<li><strong>Universit\u00e4t Karlsruhe<\/strong> &#8211;\u00a0Physik Flachbau Komplettsanierung<\/li>\n<\/ul>\n<\/li>\n<\/ul>\n<ul>\n<li style=\"list-style-type: none;\">\n<ul>\n<li><strong>Universit\u00e4t Karlsruhe<\/strong> &#8211;\u00a0Engler Villa<\/li>\n<\/ul>\n<\/li>\n<\/ul>\n<ul>\n<li style=\"list-style-type: none;\">\n<ul>\n<li><strong>Universit\u00e4t Karlsruhe<\/strong> &#8211;\u00a0Sanierung 10 Treppenh\u00e4user<\/li>\n<\/ul>\n<\/li>\n<\/ul>\n<ul>\n<li style=\"list-style-type: none;\">\n<ul>\n<li><strong>Fachhochschule Pforzheim<\/strong> &#8211;\u00a0Sanierung und Renovierung<\/li>\n<\/ul>\n<\/li>\n<\/ul>\n<ul>\n<li style=\"list-style-type: none;\">\n<ul>\n<li><strong>Verkehrspolizei Pforzheim<\/strong> &#8211;\u00a0Sanierung und Renovierung<\/li>\n<\/ul>\n<\/li>\n<\/ul>\n<ul>\n<li style=\"list-style-type: none;\">\n<ul>\n<li><strong>General Dr. Speidel Kaserne Bruchsal<\/strong> &#8211;\u00a0Sanierung Kompaniegeb\u00e4ude<\/li>\n<\/ul>\n<\/li>\n<\/ul>\n<ul>\n<li style=\"list-style-type: none;\">\n<ul>\n<li><strong>Deutsche Bahn Geb\u00e4ude Karlsruhe<\/strong> &#8211;\u00a0Bahnhofstra\u00dfe s\u00e4mtliche Maler- und\u00a0Bodenbelagsarbeiten<\/li>\n<\/ul>\n<\/li>\n<\/ul>\n<ul>\n<li style=\"list-style-type: none;\">\n<ul>\n<li><strong>St\u00e4dtisches Klinikum Pforzheim<\/strong> &#8211;\u00a0Umbau Augenklinik-Blutzentrale<\/li>\n<\/ul>\n<\/li>\n<\/ul>\n<ul>\n<li style=\"list-style-type: none;\">\n<ul>\n<li><strong>Wohnpark Tiefenbronn-M\u00fchlhausen<\/strong> &#8211;\u00a08 Doppelhaush\u00e4lften &#8211;\u00a0Maler- und Bodenbelagsarbeiten<\/li>\n<\/ul>\n<\/li>\n<\/ul>\n<ul>\n<li style=\"list-style-type: none;\">\n<ul>\n<li><strong>Gesundheitszentrum Karlsruhe<\/strong> &#8211;\u00a0Maler- und Tapezierarbeiten<\/li>\n<\/ul>\n<\/li>\n<\/ul>\n<ul>\n<li style=\"list-style-type: none;\">\n<ul>\n<li><strong>Maschinenfabrik Pforzheim<\/strong> &#8211;\u00a0Umbau und Sanierung<\/li>\n<\/ul>\n<\/li>\n<\/ul>\n<ul>\n<li style=\"list-style-type: none;\">\n<ul>\n<li><strong>Rofu- Kinderland, Pit-Stopp, Carglas,\u00a0Dellenzentrum Billiardcafe<\/strong> &#8211;\u00a0Maler- und Tapezierarbeiten<\/li>\n<\/ul>\n<\/li>\n<\/ul>\n<ul>\n<li style=\"list-style-type: none;\">\n<ul>\n<li><strong>Autohaus Hauser Pforzheim<\/strong><\/li>\n<\/ul>\n<\/li>\n<\/ul>\n<ul>\n<li style=\"list-style-type: none;\">\n<ul>\n<li><strong>SCA Schucker<\/strong><\/li>\n<\/ul>\n<\/li>\n<\/ul>\n<ul>\n<li style=\"list-style-type: none;\">\n<ul>\n<li><strong>Komplettsanierung Finanzamt Neuenb\u00fcrg<\/strong> &#8211;\u00a0Maler- und Tapezierarbeiten<\/li>\n<\/ul>\n<\/li>\n<\/ul>\n<ul>\n<li style=\"list-style-type: none;\">\n<ul>\n<li><strong>Komplettsanierung Rathaus Waldbronn<\/strong> &#8211;\u00a0Maler- und Tapezierarbeiten<\/li>\n<\/ul>\n<\/li>\n<\/ul>\n<ul>\n<li style=\"list-style-type: none;\">\n<ul>\n<li><strong>TCG Herrmann B\u00fcro- und Werkhalle<\/strong> &#8211;\u00a0Maler- und Tapezierarbeiten<\/li>\n<\/ul>\n<\/li>\n<\/ul>\n<ul>\n<li style=\"list-style-type: none;\">\n<ul>\n<li><strong>Grund und Hauptschule Bad Herrenalb<\/strong>\u00a0&#8211;\u00a0Maler- und Bodenbelagsarbeiten<\/li>\n<\/ul>\n<\/li>\n<\/ul>\n<ul>\n<li style=\"list-style-type: none;\">\n<ul>\n<li><strong>Thermalbad Bad Herrenalb<\/strong> &#8211;\u00a0Komplette Neugestaltung des\u00a0Eingangsbereiches und der Au\u00dfenfassade<\/li>\n<\/ul>\n<\/li>\n<\/ul>\n<ul>\n<li style=\"list-style-type: none;\">\n<ul>\n<li><strong>Sparkasse Bad Herrenalb<\/strong> &#8211;\u00a0Maler- und Tapezierarbeiten,\u00a0Spachteltechniken<\/li>\n<\/ul>\n<\/li>\n<\/ul>\n<ul>\n<li style=\"list-style-type: none;\">\n<ul>\n<li><strong>Verschiedene Hausverwaltungen in\u00a0Bad Herrenalb<\/strong> &#8211;\u00a0Sch\u00f6nthaler, Scholpp, Steiner &#8211;\u00a0Maler- und Bodenbelagsarbeiten\u00a0an verschiedenen Wohneinheiten<\/li>\n<\/ul>\n<\/li>\n<\/ul>\n<ul>\n<li style=\"list-style-type: none;\">\n<ul>\n<li><strong>Massivhaus Schifferle<\/strong> &#8211;\u00a0Maler- und Bodenbelagsarbeiten an\u00a0verschiedenen Neubauten<\/li>\n<\/ul>\n<\/li>\n<\/ul>\n<ul>\n<li style=\"list-style-type: none;\">\n<ul>\n<li><strong>Dreifachsporthalle Pforzheim Benkiserpark<\/strong> &#8211;\u00a0Ausf\u00fchrung der gesamten Maler- und Lackierarbeiten,\u00a0Verputzarbeiten innen und teilweise Bodenbelagsarbeiten<\/li>\n<\/ul>\n<\/li>\n<\/ul>\n<ul>\n<li style=\"list-style-type: none;\">\n<ul>\n<li><strong>Mehrzweckhalle Malsch Waldprechtsweier<\/strong> &#8211;\u00a0Ausf\u00fchrung der gesamten Maler- und Lackierarbeiten<\/li>\n<\/ul>\n<\/li>\n<\/ul>\n<ul>\n<li style=\"list-style-type: none;\">\n<ul>\n<li><strong>Finanzamt Neuenb\u00fcrg<\/strong> &#8211; Komplette Au\u00dfensanierung<\/li>\n<\/ul>\n<\/li>\n<\/ul>\n<ul>\n<li style=\"list-style-type: none;\">\n<ul>\n<li><strong>Arztpraxis Karlsruhe<\/strong> im K\u00fcnstlerviertel &#8211; Komplette\u00a0Farbgebung und Innenraumgestaltung<\/li>\n<\/ul>\n<\/li>\n<\/ul>\n<ul>\n<li style=\"list-style-type: none;\">\n<ul>\n<li><strong>Thermenhotel Falkenburg Bad Herrenalb<\/strong> &#8211; Kompletten innen und au\u00dfen Malerarbeiten<\/li>\n<\/ul>\n<\/li>\n<\/ul>\n<ul>\n<li style=\"list-style-type: none;\">\n<ul>\n<li><strong>BFW Sch\u00f6mberg<\/strong> &#8211; Kompletten Maler- und Tapezierarbeiten<\/li>\n<\/ul>\n<\/li>\n<\/ul>\n<ul>\n<li style=\"list-style-type: none;\">\n<ul>\n<li><strong>LBBW Karlsruhe<\/strong> &#8211;\u00a0K\u00fcchen, Teek\u00fcchen, Lackierarbeiten<\/li>\n<\/ul>\n<\/li>\n<\/ul>\n<ul>\n<li style=\"list-style-type: none;\">\n<ul>\n<li><strong>Vollack SMS Karlsruhe B\u00fcrogeb\u00e4ude<\/strong><\/li>\n<\/ul>\n<\/li>\n<\/ul>\n<ul>\n<li style=\"list-style-type: none;\">\n<ul>\n<li><strong>Viveco Frankfurt ehemalige Bundesbahndirektion\u00a0Lammstra\u00dfe<\/strong> &#8211; Maler- und Lackierarbeiten<\/li>\n<\/ul>\n<\/li>\n<\/ul>\n<ul>\n<li style=\"list-style-type: none;\">\n<ul>\n<li><strong>Vollack Ionto Spa Karlsruhe Hagsfeld<\/strong> &#8211;\u00a0Bodenbeschichtungsarbeiten, Malerarbeiten<\/li>\n<\/ul>\n<\/li>\n<\/ul>\n<ul>\n<li style=\"list-style-type: none;\">\n<ul>\n<li><strong>Vollack Schunk in Brakenheim<\/strong> &#8211;\u00a0Spachtelarbeiten in B\u00fcror\u00e4umen und Werkst\u00e4tten<\/li>\n<\/ul>\n<\/li>\n<\/ul>\n<ul>\n<li style=\"list-style-type: none;\">\n<ul>\n<li><strong>MM B\u00fcros Maritta M\u00fcller\u00a0PMB Karlsruhe<\/strong> &#8211; B\u00fcror\u00e4ume und Treppenhaus<\/li>\n<\/ul>\n<\/li>\n<\/ul>\n<ul>\n<li style=\"list-style-type: none;\">\n<ul>\n<li><strong>MM B\u00fcros Maritta M\u00fcller\u00a0SIG und Debitel Ettlingen<\/strong> &#8211; Bodenbel\u00e4ge und B\u00fcror\u00e4ume<\/li>\n<\/ul>\n<\/li>\n<\/ul>\n<ul>\n<li style=\"list-style-type: none;\">\n<ul>\n<li><strong>Gemeinde Loffenau Schulgasse 3<\/strong> &#8211;\u00a0Innensanierung\u00a0Treppenhaus und Treppenanlage<\/li>\n<\/ul>\n<\/li>\n<\/ul>\n<ul>\n<li style=\"list-style-type: none;\">\n<ul>\n<li><strong>R+V Versicherungen Karlsruhe<\/strong> &#8211; Neugestaltung\u00a0Besprechungsr\u00e4ume\/Aufenthaltsr\u00e4ume<\/li>\n<\/ul>\n<\/li>\n<\/ul>\n<ul>\n<li style=\"list-style-type: none;\">\n<ul>\n<li><strong>Scholpp Hausverwaltungen<\/strong> &#8211;\u00a0Sanierungen an verschiedenen Objekten<\/li>\n<\/ul>\n<\/li>\n<\/ul>\n<ul>\n<li style=\"list-style-type: none;\">\n<ul>\n<li><strong>Stadtwerke Bad Herrenalb<\/strong> &#8211; Komplette Innensanierung<\/li>\n<\/ul>\n<\/li>\n<\/ul>\n<ul>\n<li style=\"list-style-type: none;\">\n<ul>\n<li><strong>Stadtverwaltung Bad Herrenalb<\/strong> &#8211; Komplette Sanierung Kurhaus Bad Herrenalb<\/li>\n<\/ul>\n<\/li>\n<\/ul>\n<ul>\n<li style=\"list-style-type: none;\">\n<ul>\n<li><strong>Stadtverwaltung Bad Herrenalb<\/strong> &#8211; Komplette Au\u00dfensanierung Rathaus Bernbach<\/li>\n<\/ul>\n<\/li>\n<\/ul>\n<ul>\n<li style=\"list-style-type: none;\">\n<ul>\n<li><strong>Stadtverwaltung Bad Herrenalb Waldkurhaus, Bronnewieenhalle und Kurhaus<\/strong> &#8211;\u00a0Parkettarbeiten<\/li>\n<\/ul>\n<\/li>\n<\/ul>\n<ul>\n<li style=\"list-style-type: none;\">\n<ul>\n<li><strong>Hausverwaltungen und Immobilien Scholpp<\/strong> &#8211;\u00a0WEG Weg zum Rotenb\u00e4chle &#8211;\u00a0Malerarbeiten und Ger\u00fcstbau<\/li>\n<\/ul>\n<\/li>\n<\/ul>\n<ul>\n<li style=\"list-style-type: none;\">\n<ul>\n<li><strong>Kindertagesst\u00e4tte Leibnizstra\u00dfe 6 a Karlsruhe<\/strong> &#8211;\u00a0Maler- und Lackierarbeiten<\/li>\n<\/ul>\n<\/li>\n<\/ul>\n<ul>\n<li style=\"list-style-type: none;\">\n<ul>\n<li><strong>Heimatmuseum Forbach Gemeinde Bermersbach<\/strong> &#8211;\u00a0Maler-, Lackier- und Verputzarbeiten<\/li>\n<\/ul>\n<\/li>\n<\/ul>\n<ul>\n<li style=\"list-style-type: none;\">\n<ul>\n<li><strong>Heizkraftwerk Pforzheim<\/strong> &#8211; Komplette Neugestaltung\u00a0der Treppenh\u00e4user, Kesselhaus, Seitenflure und Werkst\u00e4tten<\/li>\n<\/ul>\n<\/li>\n<\/ul>\n<ul>\n<li style=\"list-style-type: none;\">\n<ul>\n<li><strong>Hotel Vinothek Lamm<\/strong> &#8211; Komplette Neugestaltung der Zimmer\u00a0im 2 OG und Malerarbeiten Flur 2 OG<\/li>\n<\/ul>\n<\/li>\n<\/ul>\n<ul>\n<li style=\"list-style-type: none;\">\n<ul>\n<li><strong>REWE und PENNY Discounter<\/strong> &#8211; Komplette Malerarbeiten\u00a0und Beschichtungsarbeiten an Bodenbel\u00e4gen<\/li>\n<\/ul>\n<\/li>\n<\/ul>\n<ul>\n<li style=\"list-style-type: none;\">\n<ul>\n<li><strong>Heizkraftwerk Pforzheim<\/strong> &#8211; Fahrbahmarkierungen und Markierung der Fu\u00dfg\u00e4ngerwege mit Eurotherm<\/li>\n<\/ul>\n<\/li>\n<\/ul>\n<ul>\n<li style=\"list-style-type: none;\">\n<ul>\n<li><strong>Stadthaus am Schlo\u00df Ettlingen<\/strong> &#8211; Maler und Tapezierarbeiten<\/li>\n<\/ul>\n<\/li>\n<\/ul>\n<ul>\n<li style=\"list-style-type: none;\">\n<ul>\n<li><strong>Wohnanlage Rehteichweg<\/strong> &#8211; Ger\u00fcstbau und Fassadenarbeiten<\/li>\n<\/ul>\n<\/li>\n<\/ul>\n<ul>\n<li style=\"list-style-type: none;\">\n<ul>\n<li><strong>ROWE Hausverwaltungen<\/strong> &#8211; Sanierung von 2 Mehrfamilienh\u00e4usern<\/li>\n<\/ul>\n<\/li>\n<\/ul>\n<ul>\n<li style=\"list-style-type: none;\">\n<ul>\n<li><strong>Kurpromenade Hotel Harzer Bad Herrenalb<\/strong> &#8211; Komplette Fassadensanierung, Farbgebung und Ger\u00fcstbau<\/li>\n<\/ul>\n<\/li>\n<\/ul>\n<ul>\n<li style=\"list-style-type: none;\">\n<ul>\n<li><strong>TUI Reisecentrum Ettlingen<\/strong> &#8211; Maler und Bodenbelagsarbeiten Farbgebung<\/li>\n<\/ul>\n<\/li>\n<\/ul>\n<ul>\n<li style=\"list-style-type: none;\">\n<ul>\n<li><strong>Volkswohnung Karlsruhe<\/strong> &#8211; Treppenh\u00e4user<\/li>\n<\/ul>\n<\/li>\n<\/ul>\n<ul>\n<li style=\"list-style-type: none;\">\n<ul>\n<li><strong>Atlantic Park Hotel Baden-Baden<\/strong> &#8211; Sanierung Flure und Zimmer<\/li>\n<\/ul>\n<\/li>\n<\/ul>\n<ul>\n<li style=\"list-style-type: none;\">\n<ul>\n<li><strong>Stadtverwaltung Bad Herrenalb<\/strong> &#8211; Sanierung Musikmuschel im Kurpark<\/li>\n<\/ul>\n<\/li>\n<\/ul>\n<ul>\n<li style=\"list-style-type: none;\">\n<ul>\n<li><strong>Hotel Pension Fidelitas<\/strong> &#8211; Sanierung Treppenhaus und Flure sowie Fr\u00fchst\u00fccksraum<\/li>\n<\/ul>\n<\/li>\n<\/ul>\n","protected":false},"excerpt":{"rendered":"<p>Wir beherrschen unser Handwerk! Bei zahlreichen Projekten konnten wir unsere Kunden immer zufriedenstellen. Hier ein Auszug unserer bisherigen Arbeiten: Kreiskrankenhaus Neuenb\u00fcrg &#8211;\u00a0Gyn\u00e4kologische Praxis JVA Pforzheim &#8211;\u00a0Sanierung K\u00fcche und Sozialbereich Universit\u00e4t Karlsruhe &#8211;\u00a0Physik Flachbau Komplettsanierung Universit\u00e4t Karlsruhe &#8211;\u00a0Engler Villa Universit\u00e4t Karlsruhe<\/p>\n","protected":false},"author":1,"featured_media":0,"parent":0,"menu_order":0,"comment_status":"closed","ping_status":"open","template":"","meta":{"footnotes":""},"_links":{"self":[{"href":"http:\/\/maler-wacker.de\/index.php?rest_route=\/wp\/v2\/pages\/2"}],"collection":[{"href":"http:\/\/maler-wacker.de\/index.php?rest_route=\/wp\/v2\/pages"}],"about":[{"href":"http:\/\/maler-wacker.de\/index.php?rest_route=\/wp\/v2\/types\/page"}],"author":[{"embeddable":true,"href":"http:\/\/maler-wacker.de\/index.php?rest_route=\/wp\/v2\/users\/1"}],"replies":[{"embeddable":true,"href":"http:\/\/maler-wacker.de\/index.php?rest_route=%2Fwp%2Fv2%2Fcomments&post=2"}],"version-history":[{"count":8,"href":"http:\/\/maler-wacker.de\/index.php?rest_route=\/wp\/v2\/pages\/2\/revisions"}],"predecessor-version":[{"id":638,"href":"http:\/\/maler-wacker.de\/index.php?rest_route=\/wp\/v2\/pages\/2\/revisions\/638"}],"wp:attachment":[{"href":"http:\/\/maler-wacker.de\/index.php?rest_route=%2Fwp%2Fv2%2Fmedia&parent=2"}],"curies":[{"name":"wp","href":"https:\/\/api.w.org\/{rel}","templated":true}]}}